{"id":112,"date":"2022-04-13T10:49:39","date_gmt":"2022-04-13T08:49:39","guid":{"rendered":"https:\/\/plantalys.fr\/?page_id=112"},"modified":"2026-01-19T15:16:05","modified_gmt":"2026-01-19T14:16:05","slug":"produits-de-plantalys-2","status":"publish","type":"page","link":"https:\/\/plantalys.fr\/index.php\/produits-de-plantalys-2\/","title":{"rendered":"Produits"},"content":{"rendered":"\n<h1 class=\"wp-block-heading has-large-font-size\">Notre gamme de produits<\/h1>\n\n\n\n<div class=\"wp-block-uagb-image uagb-block-d1c4b359 wp-block-uagb-image--layout-default wp-block-uagb-image--effect-static wp-block-uagb-image--align-none\"><figure class=\"wp-block-uagb-image__figure\"><img decoding=\"async\"  sizes=\"auto, (max-width: 480px) 150px\" src=\"https:\/\/plantalys.fr\/wp-content\/uploads\/2026\/01\/logo-UAB-FR.png\" alt=\"\" width=\"879\" height=\"879\" title=\"logo UAB EN\" loading=\"lazy\" role=\"img\"\/><\/figure><\/div>\n\n\n\n<div style=\"height:27px\" aria-hidden=\"true\" class=\"wp-block-spacer\"><\/div>\n\n\n\n<h3 class=\"wp-block-heading has-black-color has-text-color\" style=\"font-size:24px;font-style:normal;font-weight:400\">Les produits de Plantalys sont brevet\u00e9s et con\u00e7us pour pr\u00e9venir et corriger les carences en oligo\u00e9l\u00e9ments en agronomie.<\/h3>\n\n\n\n<div style=\"height:15px\" aria-hidden=\"true\" class=\"wp-block-spacer\"><\/div>\n\n\n\n<h3 class=\"wp-block-heading has-black-color has-text-color\" style=\"font-size:24px;font-style:normal;font-weight:400\">Les oligo\u00e9l\u00e9ments (fer, mangan\u00e8se, cuivre, zinc\u2026) sont pr\u00e9sents dans une roche cristalline et poreuse nomm\u00e9e z\u00e9olithe. L&rsquo;ensemble lib\u00e8re progressivement les \u00e9l\u00e9ments nutritifs dans le sol ou en surface foliaire.<\/h3>\n\n\n\n<div style=\"height:15px\" aria-hidden=\"true\" class=\"wp-block-spacer\"><\/div>\n\n\n\n<div style=\"height:15px\" aria-hidden=\"true\" class=\"wp-block-spacer\"><\/div>\n\n\n\n<h2 class=\"wp-block-heading\" style=\"font-size:30px\"><strong>Une formule innovante pour la nutrition en Fer <sup>2+<\/sup><\/strong><\/h2>\n\n\n\n<p class=\"has-medium-font-size\">Le premier produit disponible depuis 2022 est une z\u00e9olithe lib\u00e9ratrice de fer. Ce sont des billes de 2 mm, applicables au sol par semis direct. Le produit contient 6 % de fer assimilable et est <strong>Utilisable en Agriculture Biologique<\/strong><\/p>\n\n\n\n<p><\/p>\n\n\n\n<div class=\"wp-block-columns is-layout-flex wp-container-core-columns-is-layout-9d6595d7 wp-block-columns-is-layout-flex\">\n<div class=\"wp-block-column is-layout-flow wp-block-column-is-layout-flow\" style=\"flex-basis:100%\">\n<div class=\"wp-block-uagb-container uagb-block-d3daf1e9 alignwide uagb-is-root-container\">\n<div class=\"wp-block-uagb-container uagb-block-5dea71ad alignfull uagb-is-root-container\"><div class=\"uagb-container-inner-blocks-wrap\">\n<div class=\"wp-block-buttons is-layout-flex wp-block-buttons-is-layout-flex\">\n<div class=\"wp-block-button\"><a class=\"wp-block-button__link has-medium-font-size has-custom-font-size wp-element-button\" href=\"https:\/\/plantalys.fr\/wp-content\/uploads\/2026\/01\/Plantalys-UAB-Francais_251021-1.pdf\" style=\"border-radius:20px\" target=\"_blank\" rel=\"noreferrer noopener\">Attestation d&rsquo;usage en Agriculture Biologique<\/a><\/div>\n<\/div>\n\n\n\n<div class=\"wp-block-buttons is-layout-flex wp-block-buttons-is-layout-flex\">\n<div class=\"wp-block-button\"><a class=\"wp-block-button__link has-medium-font-size has-custom-font-size wp-element-button\" href=\"https:\/\/plantalys.fr\/wp-content\/uploads\/2026\/01\/FT-Plantalys-Fer-UAB-1.pdf\" style=\"border-radius:20px\" target=\"_blank\" rel=\"noreferrer noopener\">Fiche Produit Plantalys\u00ae-Fer<\/a><\/div>\n<\/div>\n<\/div><\/div>\n\n\n\n<div class=\"wp-block-columns is-layout-flex wp-container-core-columns-is-layout-9d6595d7 wp-block-columns-is-layout-flex\">\n<div class=\"wp-block-column is-layout-flow wp-block-column-is-layout-flow\" style=\"flex-basis:66.66%\">\n<div class=\"wp-block-uagb-image aligncenter uagb-block-adfe8892 wp-block-uagb-image--layout-default wp-block-uagb-image--effect-static wp-block-uagb-image--align-center\"><figure class=\"wp-block-uagb-image__figure\"><img decoding=\"async\" srcset=\"https:\/\/plantalys.fr\/wp-content\/uploads\/2026\/01\/Plantalys-Fer-7x7-1.png ,https:\/\/plantalys.fr\/wp-content\/uploads\/2026\/01\/Plantalys-Fer-7x7-1.png 780w, https:\/\/plantalys.fr\/wp-content\/uploads\/2026\/01\/Plantalys-Fer-7x7-1.png 360w\" sizes=\"auto, (max-width: 480px) 150px\" src=\"https:\/\/plantalys.fr\/wp-content\/uploads\/2026\/01\/Plantalys-Fer-7x7-1.png\" alt=\"\" class=\"uag-image-798\" width=\"827\" height=\"827\" title=\"Plantalys-Fer 7x7\" loading=\"lazy\" role=\"img\"\/><\/figure><\/div>\n<\/div>\n<\/div>\n<\/div>\n<\/div>\n<\/div>\n\n\n\n<div style=\"height:15px\" aria-hidden=\"true\" class=\"wp-block-spacer\"><\/div>\n\n\n\n<p><\/p>\n","protected":false},"excerpt":{"rendered":"<p>Notre gamme de produits Les produits de Plantalys sont brevet\u00e9s et con\u00e7us pour pr\u00e9venir et corriger les carences en oligo\u00e9l\u00e9ments en agronomie. Les oligo\u00e9l\u00e9ments (fer, mangan\u00e8se, cuivre, zinc\u2026) sont pr\u00e9sents dans une roche cristalline et poreuse nomm\u00e9e z\u00e9olithe. L&rsquo;ensemble lib\u00e8re progressivement les \u00e9l\u00e9ments nutritifs dans le sol ou en surface foliaire. Une formule innovante pour [&hellip;]<\/p>\n","protected":false},"author":1,"featured_media":0,"parent":0,"menu_order":0,"comment_status":"closed","ping_status":"closed","template":"","meta":{"_uag_custom_page_level_css":"","iawp_total_views":160,"footnotes":""},"class_list":["post-112","page","type-page","status-publish","hentry"],"uagb_featured_image_src":{"full":false,"thumbnail":false,"medium":false,"medium_large":false,"large":false,"1536x1536":false,"2048x2048":false},"uagb_author_info":{"display_name":"plantadmin","author_link":"https:\/\/plantalys.fr\/index.php\/author\/plantadmin\/"},"uagb_comment_info":0,"uagb_excerpt":"Notre gamme de produits Les produits de Plantalys sont brevet\u00e9s et con\u00e7us pour pr\u00e9venir et corriger les carences en oligo\u00e9l\u00e9ments en agronomie. Les oligo\u00e9l\u00e9ments (fer, mangan\u00e8se, cuivre, zinc\u2026) sont pr\u00e9sents dans une roche cristalline et poreuse nomm\u00e9e z\u00e9olithe. L&rsquo;ensemble lib\u00e8re progressivement les \u00e9l\u00e9ments nutritifs dans le sol ou en surface foliaire. Une formule innovante pour\u2026","_links":{"self":[{"href":"https:\/\/plantalys.fr\/index.php\/wp-json\/wp\/v2\/pages\/112","targetHints":{"allow":["GET"]}}],"collection":[{"href":"https:\/\/plantalys.fr\/index.php\/wp-json\/wp\/v2\/pages"}],"about":[{"href":"https:\/\/plantalys.fr\/index.php\/wp-json\/wp\/v2\/types\/page"}],"author":[{"embeddable":true,"href":"https:\/\/plantalys.fr\/index.php\/wp-json\/wp\/v2\/users\/1"}],"replies":[{"embeddable":true,"href":"https:\/\/plantalys.fr\/index.php\/wp-json\/wp\/v2\/comments?post=112"}],"version-history":[{"count":46,"href":"https:\/\/plantalys.fr\/index.php\/wp-json\/wp\/v2\/pages\/112\/revisions"}],"predecessor-version":[{"id":867,"href":"https:\/\/plantalys.fr\/index.php\/wp-json\/wp\/v2\/pages\/112\/revisions\/867"}],"wp:attachment":[{"href":"https:\/\/plantalys.fr\/index.php\/wp-json\/wp\/v2\/media?parent=112"}],"curies":[{"name":"wp","href":"https:\/\/api.w.org\/{rel}","templated":true}]}}