{"id":11,"date":"2022-06-02T12:33:07","date_gmt":"2022-06-02T10:33:07","guid":{"rendered":"https:\/\/plantalys.fr\/?page_id=11"},"modified":"2026-01-16T18:15:52","modified_gmt":"2026-01-16T17:15:52","slug":"plantalys-vous-presente-une-alternative-a-lusage-des-chelates-en-agronomie","status":"publish","type":"page","link":"https:\/\/plantalys.fr\/","title":{"rendered":"Accueil"},"content":{"rendered":"\n<p class=\"has-text-align-center\" style=\"font-size:29px;font-style:normal;font-weight:500\"><strong>Concepteur d\u2019oligo\u00e9l\u00e9ments de nouvelle g\u00e9n\u00e9ration pour les productions v\u00e9g\u00e9tales<\/strong><\/p>\n\n\n      \n\t\t\t<div class=\"uagb-icon-wrapper uagb-block-cca4d725      \"\n\t\t\tstyle=\"\" >\n\t\t\t\t\t\t\t\t\t<span class=\"uagb-svg-wrapper\" \n\t\t\t\t\t aria-label=\"circle-down\"\t\t\t\t\ttabindex=\"0\">\t\t\n\t\t\t\t\t\t\t\t\t\t<svg xmlns=\"https:\/\/www.w3.org\/2000\/svg\" viewBox= \"0 0 512 512\" role=\"graphics-symbol\" aria-hidden=\"false\" aria-label=\"\"><path d=\"M256 512c141.4 0 256-114.6 256-256s-114.6-256-256-256C114.6 0 0 114.6 0 256S114.6 512 256 512zM129.2 265.9C131.7 259.9 137.5 256 144 256h64V160c0-17.67 14.33-32 32-32h32c17.67 0 32 14.33 32 32v96h64c6.469 0 12.31 3.891 14.78 9.875c2.484 5.984 1.109 12.86-3.469 17.44l-112 112c-6.248 6.248-16.38 6.248-22.62 0l-112-112C128.1 278.7 126.7 271.9 129.2 265.9z\"><\/path><\/svg>\n\t\t\t\t\t\t\t\t\t<\/span>\n\t\t\t\t\t\t\t<\/div>\n\t\t\t\n\n\n<div class=\"wp-block-uagb-container uagb-block-af99f5be alignfull uagb-is-root-container\">\n<div class=\"wp-block-uagb-container uagb-block-51cd061c\">\n<figure class=\"wp-block-image size-full\"><img loading=\"lazy\" decoding=\"async\" width=\"1759\" height=\"1482\" src=\"https:\/\/plantalys.fr\/wp-content\/uploads\/2026\/01\/Feuille-adapte.png\" alt=\"\" class=\"wp-image-800\" srcset=\"https:\/\/plantalys.fr\/wp-content\/uploads\/2026\/01\/Feuille-adapte.png 1759w, https:\/\/plantalys.fr\/wp-content\/uploads\/2026\/01\/Feuille-adapte-300x253.png 300w, https:\/\/plantalys.fr\/wp-content\/uploads\/2026\/01\/Feuille-adapte-768x647.png 768w, https:\/\/plantalys.fr\/wp-content\/uploads\/2026\/01\/Feuille-adapte-1536x1294.png 1536w\" sizes=\"auto, (max-width: 1759px) 100vw, 1759px\" \/><\/figure>\n<\/div>\n\n\n\n<div class=\"wp-block-uagb-container uagb-block-8a9ed284\">\n<figure class=\"wp-block-image size-full\"><img loading=\"lazy\" decoding=\"async\" width=\"1759\" height=\"1433\" src=\"https:\/\/plantalys.fr\/wp-content\/uploads\/2026\/01\/Feuille-Nutrition.png\" alt=\"\" class=\"wp-image-805\" srcset=\"https:\/\/plantalys.fr\/wp-content\/uploads\/2026\/01\/Feuille-Nutrition.png 1759w, https:\/\/plantalys.fr\/wp-content\/uploads\/2026\/01\/Feuille-Nutrition-300x244.png 300w, https:\/\/plantalys.fr\/wp-content\/uploads\/2026\/01\/Feuille-Nutrition-768x626.png 768w, https:\/\/plantalys.fr\/wp-content\/uploads\/2026\/01\/Feuille-Nutrition-1536x1251.png 1536w\" sizes=\"auto, (max-width: 1759px) 100vw, 1759px\" \/><\/figure>\n<\/div>\n\n\n\n<div class=\"wp-block-uagb-container uagb-block-c8b6e5db\">\n<div class=\"wp-block-uagb-image uagb-block-fff5dae7 wp-block-uagb-image--layout-default wp-block-uagb-image--effect-static wp-block-uagb-image--align-none\"><figure class=\"wp-block-uagb-image__figure\"><img decoding=\"async\" srcset=\"https:\/\/plantalys.fr\/wp-content\/uploads\/2026\/01\/Feuille-Facilite.png ,https:\/\/plantalys.fr\/wp-content\/uploads\/2026\/01\/Feuille-Facilite.png 780w, https:\/\/plantalys.fr\/wp-content\/uploads\/2026\/01\/Feuille-Facilite.png 360w\" sizes=\"auto, (max-width: 480px) 150px\" src=\"https:\/\/plantalys.fr\/wp-content\/uploads\/2026\/01\/Feuille-Facilite.png\" alt=\"\" class=\"uag-image-803\" width=\"1024\" height=\"705\" title=\"Feuille Facilite\u0301\" loading=\"lazy\" role=\"img\"\/><\/figure><\/div>\n<\/div>\n\n\n\n<div class=\"wp-block-uagb-container uagb-block-a4ddc1ca\">\n<div class=\"wp-block-uagb-container uagb-block-0ae1359b\">\n<figure class=\"wp-block-image size-full\"><img loading=\"lazy\" decoding=\"async\" width=\"1791\" height=\"1240\" src=\"https:\/\/plantalys.fr\/wp-content\/uploads\/2026\/01\/Feuille-certif.png\" alt=\"\" class=\"wp-image-801\" srcset=\"https:\/\/plantalys.fr\/wp-content\/uploads\/2026\/01\/Feuille-certif.png 1791w, https:\/\/plantalys.fr\/wp-content\/uploads\/2026\/01\/Feuille-certif-300x208.png 300w, https:\/\/plantalys.fr\/wp-content\/uploads\/2026\/01\/Feuille-certif-768x532.png 768w, https:\/\/plantalys.fr\/wp-content\/uploads\/2026\/01\/Feuille-certif-1536x1063.png 1536w\" sizes=\"auto, (max-width: 1791px) 100vw, 1791px\" \/><\/figure>\n<\/div>\n<\/div>\n\n\n\n<div class=\"wp-block-uagb-container uagb-block-0980f2d8\">\n<figure class=\"wp-block-image size-full\"><img loading=\"lazy\" decoding=\"async\" width=\"1759\" height=\"1434\" src=\"https:\/\/plantalys.fr\/wp-content\/uploads\/2026\/01\/Feuille-France.png\" alt=\"\" class=\"wp-image-804\" srcset=\"https:\/\/plantalys.fr\/wp-content\/uploads\/2026\/01\/Feuille-France.png 1759w, https:\/\/plantalys.fr\/wp-content\/uploads\/2026\/01\/Feuille-France-300x245.png 300w, https:\/\/plantalys.fr\/wp-content\/uploads\/2026\/01\/Feuille-France-768x626.png 768w, https:\/\/plantalys.fr\/wp-content\/uploads\/2026\/01\/Feuille-France-1536x1252.png 1536w\" sizes=\"auto, (max-width: 1759px) 100vw, 1759px\" \/><\/figure>\n\n\n\n<div class=\"wp-block-uagb-image uagb-block-fbaf266f wp-block-uagb-image--layout-default wp-block-uagb-image--effect-static wp-block-uagb-image--align-none\"><figure class=\"wp-block-uagb-image__figure\"><img decoding=\"async\" srcset=\"https:\/\/plantalys.fr\/wp-content\/uploads\/2026\/01\/Feuille-DeepTech.png ,https:\/\/plantalys.fr\/wp-content\/uploads\/2026\/01\/Feuille-DeepTech.png 780w, https:\/\/plantalys.fr\/wp-content\/uploads\/2026\/01\/Feuille-DeepTech.png 360w\" sizes=\"auto, (max-width: 480px) 150px\" src=\"https:\/\/plantalys.fr\/wp-content\/uploads\/2026\/01\/Feuille-DeepTech.png\" alt=\"\" class=\"uag-image-802\" width=\"1024\" height=\"731\" title=\"Feuille DeepTech\" loading=\"lazy\" role=\"img\"\/><\/figure><\/div>\n<\/div>\n\n\n\n<div class=\"wp-block-uagb-container uagb-block-e72d66ca\">\n<figure class=\"wp-block-image size-full\"><img loading=\"lazy\" decoding=\"async\" width=\"1759\" height=\"1211\" src=\"https:\/\/plantalys.fr\/wp-content\/uploads\/2026\/01\/Feuille-Respect.png\" alt=\"\" class=\"wp-image-806\" srcset=\"https:\/\/plantalys.fr\/wp-content\/uploads\/2026\/01\/Feuille-Respect.png 1759w, https:\/\/plantalys.fr\/wp-content\/uploads\/2026\/01\/Feuille-Respect-300x207.png 300w, https:\/\/plantalys.fr\/wp-content\/uploads\/2026\/01\/Feuille-Respect-768x529.png 768w, https:\/\/plantalys.fr\/wp-content\/uploads\/2026\/01\/Feuille-Respect-1536x1057.png 1536w\" sizes=\"auto, (max-width: 1759px) 100vw, 1759px\" \/><\/figure>\n<\/div>\n<\/div>\n","protected":false},"excerpt":{"rendered":"<p>Concepteur d\u2019oligo\u00e9l\u00e9ments de nouvelle g\u00e9n\u00e9ration pour les productions v\u00e9g\u00e9tales<\/p>\n","protected":false},"author":1,"featured_media":0,"parent":0,"menu_order":0,"comment_status":"closed","ping_status":"closed","template":"template-page-builder-no-sidebar.php","meta":{"_uag_custom_page_level_css":"","iawp_total_views":210,"footnotes":""},"class_list":["post-11","page","type-page","status-publish","hentry"],"uagb_featured_image_src":{"full":false,"thumbnail":false,"medium":false,"medium_large":false,"large":false,"1536x1536":false,"2048x2048":false},"uagb_author_info":{"display_name":"plantadmin","author_link":"https:\/\/plantalys.fr\/index.php\/author\/plantadmin\/"},"uagb_comment_info":0,"uagb_excerpt":"Concepteur d\u2019oligo\u00e9l\u00e9ments de nouvelle g\u00e9n\u00e9ration pour les productions v\u00e9g\u00e9tales","_links":{"self":[{"href":"https:\/\/plantalys.fr\/index.php\/wp-json\/wp\/v2\/pages\/11","targetHints":{"allow":["GET"]}}],"collection":[{"href":"https:\/\/plantalys.fr\/index.php\/wp-json\/wp\/v2\/pages"}],"about":[{"href":"https:\/\/plantalys.fr\/index.php\/wp-json\/wp\/v2\/types\/page"}],"author":[{"embeddable":true,"href":"https:\/\/plantalys.fr\/index.php\/wp-json\/wp\/v2\/users\/1"}],"replies":[{"embeddable":true,"href":"https:\/\/plantalys.fr\/index.php\/wp-json\/wp\/v2\/comments?post=11"}],"version-history":[{"count":23,"href":"https:\/\/plantalys.fr\/index.php\/wp-json\/wp\/v2\/pages\/11\/revisions"}],"predecessor-version":[{"id":720,"href":"https:\/\/plantalys.fr\/index.php\/wp-json\/wp\/v2\/pages\/11\/revisions\/720"}],"wp:attachment":[{"href":"https:\/\/plantalys.fr\/index.php\/wp-json\/wp\/v2\/media?parent=11"}],"curies":[{"name":"wp","href":"https:\/\/api.w.org\/{rel}","templated":true}]}}